{"id":3,"date":"2024-03-27T09:44:05","date_gmt":"2024-03-27T09:44:05","guid":{"rendered":"https:\/\/www.cheapairticketsforu.com\/?page_id=3"},"modified":"2024-04-01T13:12:58","modified_gmt":"2024-04-01T13:12:58","slug":"privacy-policy","status":"publish","type":"page","link":"https:\/\/www.cheapairticketsforu.com\/index.php\/privacy-policy\/","title":{"rendered":"Pol\u00edtica De Privacidad"},"content":{"rendered":"\t\t<div data-elementor-type=\"wp-page\" data-elementor-id=\"3\" class=\"elementor elementor-3\">\n\t\t\t\t<div class=\"elementor-element elementor-element-2110aa5a e-flex e-con-boxed e-con e-parent\" data-id=\"2110aa5a\" data-element_type=\"container\" data-core-v316-plus=\"true\">\n\t\t\t\t\t<div class=\"e-con-inner\">\n\t\t\t\t<div class=\"elementor-element elementor-element-5bb06d41 elementor-widget elementor-widget-text-editor\" data-id=\"5bb06d41\" data-element_type=\"widget\" data-widget_type=\"text-editor.default\">\n\t\t\t\t<div class=\"elementor-widget-container\">\n\t\t\t<style>\/*! elementor - v3.20.0 - 26-03-2024 *\/\n.elementor-widget-text-editor.elementor-drop-cap-view-stacked .elementor-drop-cap{background-color:#69727d;color:#fff}.elementor-widget-text-editor.elementor-drop-cap-view-framed .elementor-drop-cap{color:#69727d;border:3px solid;background-color:transparent}.elementor-widget-text-editor:not(.elementor-drop-cap-view-default) .elementor-drop-cap{margin-top:8px}.elementor-widget-text-editor:not(.elementor-drop-cap-view-default) .elementor-drop-cap-letter{width:1em;height:1em}.elementor-widget-text-editor .elementor-drop-cap{float:left;text-align:center;line-height:1;font-size:50px}.elementor-widget-text-editor .elementor-drop-cap-letter{display:inline-block}<\/style>\t\t\t\t<!-- wp:heading -->\n<pre class=\"tw-data-text tw-text-large tw-ta\" dir=\"ltr\" data-placeholder=\"Translation\" aria-label=\"Translated text\" data-ved=\"2ahUKEwiwsbnMnKCFAxWgsVYBHa1qAuUQ3ewLegQIBRAU\"><span class=\"Y2IQFc\" lang=\"es\">El acceso al sitio web muestra un objetivo t\u00edpico de los servicios y productos. Pero requiere sus datos, que est\u00e1n sujetos a cambios, y se comparten en el sitio web cheapairticketsforu.com para verificar su identidad y obtener un mejor servicio y conocimiento. Todos deben cumplir con la pol\u00edtica de privacidad de cheapairticketsforu.com mientras recopilan informaci\u00f3n vital sobre los servicios y productos de viajes, consejos y ayuda en nuestro sitio web. Obtenga detalles completos de la informaci\u00f3n personal que recopilamos de usted cuando interact\u00faa con nosotros en nuestro sitio web. Recopile la informaci\u00f3n para los detalles del viaje, asistencia y otros servicios al acceder a nuestro sitio web, e ingrese su nombre y datos de contacto para guardar su identidad antes de aprovechar los beneficios de los servicios de viaje en nuestro sitio web.<br \/><br \/><\/span><\/pre>\n<h4 id=\"tw-target-text\" class=\"tw-data-text tw-text-large tw-ta\" dir=\"ltr\" data-placeholder=\"Translation\" aria-label=\"Translated text\" data-ved=\"2ahUKEwiwsbnMnKCFAxWgsVYBHa1qAuUQ3ewLegQIBRAU\"><span class=\"Y2IQFc\" lang=\"es\">T\u00e9rminos generales de nuestra Pol\u00edtica de Privacidad:<br \/><\/span><\/h4>\n<pre id=\"tw-target-text\" class=\"tw-data-text tw-text-large tw-ta\" dir=\"ltr\" data-placeholder=\"Translation\" aria-label=\"Translated text\" data-ved=\"2ahUKEwiwsbnMnKCFAxWgsVYBHa1qAuUQ3ewLegQIBRAU\"><span class=\"Y2IQFc\" lang=\"es\">Cuando viajas por el mundo y accedes a los servicios de nuestro sitio web, debes conocer nuestra mejor pol\u00edtica de privacidad. Detalla la pr\u00e1ctica habitual de recopilar la informaci\u00f3n personal que usted comparte con nosotros al visitar el sitio web a trav\u00e9s de un navegador, una aplicaci\u00f3n y otros servicios. Necesitamos comprender sus requisitos para identificar su informaci\u00f3n personal en nuestro sitio web cheapairticketsforu.com. Consulte la mejor pol\u00edtica de agencia de viajes que brinda una advertencia para no robar ning\u00fan dato y no compartir nuestros servicios y productos con ninguna persona sospechosa. Debe aceptar los detalles, el aviso, el compromiso y los t\u00e9rminos generales de nuestra pol\u00edtica de privacidad que siempre sugiere que haga lo mismo, lo que proporciona crecimiento a nuestro negocio de muchas maneras.<\/span><\/pre>\n<pre id=\"tw-target-text\" class=\"tw-data-text tw-text-large tw-ta\" dir=\"ltr\" data-placeholder=\"Translation\" aria-label=\"Translated text\" data-ved=\"2ahUKEwiwsbnMnKCFAxWgsVYBHa1qAuUQ3ewLegQIBRAU\"><span class=\"Y2IQFc\" lang=\"es\"><br \/><br \/><\/span><\/pre>\n<!-- \/wp:paragraph -->\t\t\t\t\t\t<\/div>\n\t\t\t\t<\/div>\n\t\t\t\t\t<\/div>\n\t\t\t\t<\/div>\n\t\t\t\t<\/div>\n\t\t","protected":false},"excerpt":{"rendered":"<p>El acceso al sitio web muestra un objetivo t\u00edpico de los servicios y productos. Pero requiere sus datos, que est\u00e1n sujetos a cambios, y se comparten en el sitio web cheapairticketsforu.com para verificar su identidad y obtener un mejor servicio y conocimiento. Todos deben cumplir con la pol\u00edtica de privacidad de cheapairticketsforu.com mientras recopilan informaci\u00f3n [&hellip;]<\/p>\n","protected":false},"author":1,"featured_media":0,"parent":0,"menu_order":0,"comment_status":"closed","ping_status":"open","template":"","meta":{"footnotes":""},"class_list":["post-3","page","type-page","status-publish","hentry"],"_links":{"self":[{"href":"https:\/\/www.cheapairticketsforu.com\/index.php\/wp-json\/wp\/v2\/pages\/3","targetHints":{"allow":["GET"]}}],"collection":[{"href":"https:\/\/www.cheapairticketsforu.com\/index.php\/wp-json\/wp\/v2\/pages"}],"about":[{"href":"https:\/\/www.cheapairticketsforu.com\/index.php\/wp-json\/wp\/v2\/types\/page"}],"author":[{"embeddable":true,"href":"https:\/\/www.cheapairticketsforu.com\/index.php\/wp-json\/wp\/v2\/users\/1"}],"replies":[{"embeddable":true,"href":"https:\/\/www.cheapairticketsforu.com\/index.php\/wp-json\/wp\/v2\/comments?post=3"}],"version-history":[{"count":7,"href":"https:\/\/www.cheapairticketsforu.com\/index.php\/wp-json\/wp\/v2\/pages\/3\/revisions"}],"predecessor-version":[{"id":475,"href":"https:\/\/www.cheapairticketsforu.com\/index.php\/wp-json\/wp\/v2\/pages\/3\/revisions\/475"}],"wp:attachment":[{"href":"https:\/\/www.cheapairticketsforu.com\/index.php\/wp-json\/wp\/v2\/media?parent=3"}],"curies":[{"name":"wp","href":"https:\/\/api.w.org\/{rel}","templated":true}]}}