{"id":109,"date":"2024-03-27T11:58:46","date_gmt":"2024-03-27T11:58:46","guid":{"rendered":"https:\/\/www.cheapairticketsforu.com\/?page_id=109"},"modified":"2024-04-01T12:33:28","modified_gmt":"2024-04-01T12:33:28","slug":"about-us","status":"publish","type":"page","link":"https:\/\/www.cheapairticketsforu.com\/index.php\/about-us\/","title":{"rendered":"Sobre nosotros"},"content":{"rendered":"\t\t<div data-elementor-type=\"wp-page\" data-elementor-id=\"109\" class=\"elementor elementor-109\">\n\t\t\t\t<div class=\"elementor-element elementor-element-e6e8c0a e-grid e-con-boxed e-con e-parent\" data-id=\"e6e8c0a\" data-element_type=\"container\" data-core-v316-plus=\"true\">\n\t\t\t\t\t<div class=\"e-con-inner\">\n\t\t\t\t<div class=\"elementor-element elementor-element-0298fca elementor-widget__width-initial elementor-widget elementor-widget-image\" data-id=\"0298fca\" data-element_type=\"widget\" data-widget_type=\"image.default\">\n\t\t\t\t<div class=\"elementor-widget-container\">\n\t\t\t<style>\/*! elementor - v3.20.0 - 26-03-2024 *\/\n.elementor-widget-image{text-align:center}.elementor-widget-image a{display:inline-block}.elementor-widget-image a img[src$=\".svg\"]{width:48px}.elementor-widget-image img{vertical-align:middle;display:inline-block}<\/style>\t\t\t\t\t\t\t\t\t\t<img fetchpriority=\"high\" decoding=\"async\" width=\"2560\" height=\"1707\" src=\"https:\/\/www.cheapairticketsforu.com\/wp-content\/uploads\/2024\/03\/people-meeting-room-having-conference-scaled.jpg\" class=\"attachment-full size-full wp-image-390\" alt=\"\" srcset=\"https:\/\/www.cheapairticketsforu.com\/wp-content\/uploads\/2024\/03\/people-meeting-room-having-conference-scaled.jpg 2560w, https:\/\/www.cheapairticketsforu.com\/wp-content\/uploads\/2024\/03\/people-meeting-room-having-conference-300x200.jpg 300w, https:\/\/www.cheapairticketsforu.com\/wp-content\/uploads\/2024\/03\/people-meeting-room-having-conference-1024x683.jpg 1024w, https:\/\/www.cheapairticketsforu.com\/wp-content\/uploads\/2024\/03\/people-meeting-room-having-conference-768x512.jpg 768w, https:\/\/www.cheapairticketsforu.com\/wp-content\/uploads\/2024\/03\/people-meeting-room-having-conference-1536x1024.jpg 1536w, https:\/\/www.cheapairticketsforu.com\/wp-content\/uploads\/2024\/03\/people-meeting-room-having-conference-2048x1365.jpg 2048w\" sizes=\"(max-width: 2560px) 100vw, 2560px\" \/>\t\t\t\t\t\t\t\t\t\t\t\t\t<\/div>\n\t\t\t\t<\/div>\n\t\t\t\t<div class=\"elementor-element elementor-element-e718c06 elementor-widget elementor-widget-text-editor\" data-id=\"e718c06\" data-element_type=\"widget\" data-widget_type=\"text-editor.default\">\n\t\t\t\t<div class=\"elementor-widget-container\">\n\t\t\t<style>\/*! elementor - v3.20.0 - 26-03-2024 *\/\n.elementor-widget-text-editor.elementor-drop-cap-view-stacked .elementor-drop-cap{background-color:#69727d;color:#fff}.elementor-widget-text-editor.elementor-drop-cap-view-framed .elementor-drop-cap{color:#69727d;border:3px solid;background-color:transparent}.elementor-widget-text-editor:not(.elementor-drop-cap-view-default) .elementor-drop-cap{margin-top:8px}.elementor-widget-text-editor:not(.elementor-drop-cap-view-default) .elementor-drop-cap-letter{width:1em;height:1em}.elementor-widget-text-editor .elementor-drop-cap{float:left;text-align:center;line-height:1;font-size:50px}.elementor-widget-text-editor .elementor-drop-cap-letter{display:inline-block}<\/style>\t\t\t\t<p>Si realmente te encanta explorar el mundo viajando, est\u00e1s en la p\u00e1gina correcta con el equipo adecuado. Nuestra web de reservas de vuelos baratos te ofrece los precios m\u00e1s competitivos para que tu billete de avi\u00f3n te resulte econ\u00f3mico. Cada uno de nuestros expertos en viajes tiene mucha experiencia y conocimientos en el campo de la planificaci\u00f3n de viajes.<\/p><p>Todos nuestros especialistas en vuelos trabajan arduamente para conseguir las mejores ofertas de aerol\u00edneas para usted. Para tu comodidad ofrecemos las tarifas m\u00e1s competitivas para los destinos que elijas. \u00bfY qu\u00e9 m\u00e1s podemos ofrecerte? Podemos garantizar que toda su experiencia, desde la reserva hasta el transporte y la llegada a su destino, ser\u00e1 tan incre\u00edble como pueda imaginar.\u00a0<\/p>\t\t\t\t\t\t<\/div>\n\t\t\t\t<\/div>\n\t\t\t\t\t<\/div>\n\t\t\t\t<\/div>\n\t\t<div class=\"elementor-element elementor-element-3617894 e-grid e-con-boxed e-con e-parent\" data-id=\"3617894\" data-element_type=\"container\" data-core-v316-plus=\"true\">\n\t\t\t\t\t<div class=\"e-con-inner\">\n\t\t\t\t<div class=\"elementor-element elementor-element-d1f4828 elementor-widget elementor-widget-text-editor\" data-id=\"d1f4828\" data-element_type=\"widget\" data-widget_type=\"text-editor.default\">\n\t\t\t\t<div class=\"elementor-widget-container\">\n\t\t\t\t\t\t\t<p>Elige tu destino favorito y te ayudaremos a encontrar los mejores vuelos seg\u00fan tu presupuesto. Nuestro equipo de expertos siempre estar\u00e1 disponible para ayudarle con cualquiera de sus necesidades y brindarle la mejor soluci\u00f3n posible.<\/p><p>Lo tenemos cubierto, ya sea que viaje con su familia, amigos o solo. Esta es su mejor oportunidad para visitar un destino realmente incre\u00edble y pagar sus maletas para su pr\u00f3ximo viaje con CheapAirTicketsForU.<\/p>\t\t\t\t\t\t<\/div>\n\t\t\t\t<\/div>\n\t\t\t\t<div class=\"elementor-element elementor-element-7471be8 elementor-widget elementor-widget-image\" data-id=\"7471be8\" data-element_type=\"widget\" data-widget_type=\"image.default\">\n\t\t\t\t<div class=\"elementor-widget-container\">\n\t\t\t\t\t\t\t\t\t\t\t\t\t<img decoding=\"async\" width=\"800\" height=\"534\" src=\"https:\/\/www.cheapairticketsforu.com\/wp-content\/uploads\/2024\/03\/big-word-surrounded-1024x683.jpg\" class=\"attachment-large size-large wp-image-401\" alt=\"\" srcset=\"https:\/\/www.cheapairticketsforu.com\/wp-content\/uploads\/2024\/03\/big-word-surrounded-1024x683.jpg 1024w, https:\/\/www.cheapairticketsforu.com\/wp-content\/uploads\/2024\/03\/big-word-surrounded-300x200.jpg 300w, https:\/\/www.cheapairticketsforu.com\/wp-content\/uploads\/2024\/03\/big-word-surrounded-768x512.jpg 768w, https:\/\/www.cheapairticketsforu.com\/wp-content\/uploads\/2024\/03\/big-word-surrounded-1536x1024.jpg 1536w, https:\/\/www.cheapairticketsforu.com\/wp-content\/uploads\/2024\/03\/big-word-surrounded-2048x1365.jpg 2048w\" sizes=\"(max-width: 800px) 100vw, 800px\" \/>\t\t\t\t\t\t\t\t\t\t\t\t\t<\/div>\n\t\t\t\t<\/div>\n\t\t\t\t\t<\/div>\n\t\t\t\t<\/div>\n\t\t\t\t<\/div>\n\t\t","protected":false},"excerpt":{"rendered":"<p>Si realmente te encanta explorar el mundo viajando, est\u00e1s en la p\u00e1gina correcta con el equipo adecuado. Nuestra web de reservas de vuelos baratos te ofrece los precios m\u00e1s competitivos para que tu billete de avi\u00f3n te resulte econ\u00f3mico. Cada uno de nuestros expertos en viajes tiene mucha experiencia y conocimientos en el campo de [&hellip;]<\/p>\n","protected":false},"author":1,"featured_media":0,"parent":0,"menu_order":0,"comment_status":"closed","ping_status":"closed","template":"","meta":{"footnotes":""},"class_list":["post-109","page","type-page","status-publish","hentry"],"_links":{"self":[{"href":"https:\/\/www.cheapairticketsforu.com\/index.php\/wp-json\/wp\/v2\/pages\/109","targetHints":{"allow":["GET"]}}],"collection":[{"href":"https:\/\/www.cheapairticketsforu.com\/index.php\/wp-json\/wp\/v2\/pages"}],"about":[{"href":"https:\/\/www.cheapairticketsforu.com\/index.php\/wp-json\/wp\/v2\/types\/page"}],"author":[{"embeddable":true,"href":"https:\/\/www.cheapairticketsforu.com\/index.php\/wp-json\/wp\/v2\/users\/1"}],"replies":[{"embeddable":true,"href":"https:\/\/www.cheapairticketsforu.com\/index.php\/wp-json\/wp\/v2\/comments?post=109"}],"version-history":[{"count":16,"href":"https:\/\/www.cheapairticketsforu.com\/index.php\/wp-json\/wp\/v2\/pages\/109\/revisions"}],"predecessor-version":[{"id":404,"href":"https:\/\/www.cheapairticketsforu.com\/index.php\/wp-json\/wp\/v2\/pages\/109\/revisions\/404"}],"wp:attachment":[{"href":"https:\/\/www.cheapairticketsforu.com\/index.php\/wp-json\/wp\/v2\/media?parent=109"}],"curies":[{"name":"wp","href":"https:\/\/api.w.org\/{rel}","templated":true}]}}